{"id":5757,"date":"2022-10-14T11:34:10","date_gmt":"2022-10-14T09:34:10","guid":{"rendered":"https:\/\/thiriez-literie.com\/unser-know-how"},"modified":"2024-03-27T15:38:41","modified_gmt":"2024-03-27T14:38:41","slug":"unser-know-how","status":"publish","type":"page","link":"https:\/\/thiriez-literie.com\/de\/unser-know-how","title":{"rendered":"Unser Know-how"},"content":{"rendered":"\t\t<div data-elementor-type=\"wp-page\" data-elementor-id=\"5757\" class=\"elementor elementor-5757 elementor-3595\" data-elementor-post-type=\"page\">\n\t\t\t\t\t\t<section data-dce-background-overlay-color=\"#000000\" data-dce-background-image-url=\"https:\/\/thiriez-literie.com\/wp-content\/uploads\/2024\/03\/Les_elegantes_ambiance4-scaled.jpg\" class=\"elementor-section elementor-top-section elementor-element elementor-element-87df460 elementor-section-height-min-height elementor-section-boxed elementor-section-height-default elementor-section-items-middle\" data-id=\"87df460\" data-element_type=\"section\" data-e-type=\"section\" data-settings=\"{&quot;background_background&quot;:&quot;classic&quot;}\">\n\t\t\t\t\t\t\t<div class=\"elementor-background-overlay\"><\/div>\n\t\t\t\t\t\t\t<div class=\"elementor-container elementor-column-gap-default\">\n\t\t\t\t\t<div class=\"elementor-column elementor-col-100 elementor-top-column elementor-element elementor-element-f515321\" data-id=\"f515321\" data-element_type=\"column\" data-e-type=\"column\">\n\t\t\t<div class=\"elementor-widget-wrap elementor-element-populated\">\n\t\t\t\t\t\t<div data-dce-title-color=\"#FFFFFF\" class=\"elementor-element elementor-element-e7c5af2 elementor-widget elementor-widget-heading\" data-id=\"e7c5af2\" data-element_type=\"widget\" data-e-type=\"widget\" data-widget_type=\"heading.default\">\n\t\t\t\t<div class=\"elementor-widget-container\">\n\t\t\t\t\t<h1 class=\"elementor-heading-title elementor-size-default\"><span style=\"font-size:30px;line-height:1.5em\">Unser<\/span><br>\n<b>Know-how<\/b><\/h1>\t\t\t\t<\/div>\n\t\t\t\t<\/div>\n\t\t\t\t\t<\/div>\n\t\t<\/div>\n\t\t\t\t\t<\/div>\n\t\t<\/section>\n\t\t\t\t<section class=\"elementor-section elementor-top-section elementor-element elementor-element-3931f34 elementor-section-boxed elementor-section-height-default elementor-section-height-default\" data-id=\"3931f34\" data-element_type=\"section\" data-e-type=\"section\">\n\t\t\t\t\t\t<div class=\"elementor-container elementor-column-gap-default\">\n\t\t\t\t\t<div class=\"elementor-column elementor-col-100 elementor-top-column elementor-element elementor-element-86693ac\" data-id=\"86693ac\" data-element_type=\"column\" data-e-type=\"column\">\n\t\t\t<div class=\"elementor-widget-wrap elementor-element-populated\">\n\t\t\t\t\t\t<section class=\"elementor-section elementor-inner-section elementor-element elementor-element-43426d6 elementor-section-content-middle elementor-reverse-mobile elementor-section-boxed elementor-section-height-default elementor-section-height-default\" data-id=\"43426d6\" data-element_type=\"section\" data-e-type=\"section\">\n\t\t\t\t\t\t<div class=\"elementor-container elementor-column-gap-default\">\n\t\t\t\t\t<div data-dce-background-color=\"#FFFFFF\" class=\"elementor-column elementor-col-50 elementor-inner-column elementor-element elementor-element-51ba38c\" data-id=\"51ba38c\" data-element_type=\"column\" data-e-type=\"column\" data-settings=\"{&quot;background_background&quot;:&quot;classic&quot;}\">\n\t\t\t<div class=\"elementor-widget-wrap elementor-element-populated\">\n\t\t\t\t\t\t<div class=\"elementor-element elementor-element-486a8ab elementor-widget elementor-widget-heading\" data-id=\"486a8ab\" data-element_type=\"widget\" data-e-type=\"widget\" data-widget_type=\"heading.default\">\n\t\t\t\t<div class=\"elementor-widget-container\">\n\t\t\t\t\t<h2 class=\"elementor-heading-title elementor-size-default\">Franz\u00f6sisches Know-how<\/h2>\t\t\t\t<\/div>\n\t\t\t\t<\/div>\n\t\t\t\t<div class=\"elementor-element elementor-element-bc86674 elementor-widget-divider--view-line elementor-widget elementor-widget-divider\" data-id=\"bc86674\" data-element_type=\"widget\" data-e-type=\"widget\" data-widget_type=\"divider.default\">\n\t\t\t\t<div class=\"elementor-widget-container\">\n\t\t\t\t\t\t\t<div class=\"elementor-divider\">\n\t\t\t<span class=\"elementor-divider-separator\">\n\t\t\t\t\t\t<\/span>\n\t\t<\/div>\n\t\t\t\t\t\t<\/div>\n\t\t\t\t<\/div>\n\t\t\t\t<div class=\"elementor-element elementor-element-57847d4 elementor-widget elementor-widget-text-editor\" data-id=\"57847d4\" data-element_type=\"widget\" data-e-type=\"widget\" data-widget_type=\"text-editor.default\">\n\t\t\t\t<div class=\"elementor-widget-container\">\n\t\t\t\t\t\t\t\t\t<p>Unsere Bettwaren sind aus <strong>franz\u00f6sischer Produktion<\/strong>, denn unsere Fertigung findet zu 100 % in <strong>Wattrelos in Nordfrankreich<\/strong> statt. Wir stellen jede unserer Matratzen einzeln und von Hand er, um ihre Qualit\u00e4t zu gew\u00e4hrleisten. Dar\u00fcber hinaus stammen die Materialien f\u00fcr die Herstellung unserer Matratzen zu <strong>80 % aus regionalen Quellen<\/strong>.<\/p>\t\t\t\t\t\t\t\t<\/div>\n\t\t\t\t<\/div>\n\t\t\t\t\t<\/div>\n\t\t<\/div>\n\t\t\t\t<div class=\"elementor-column elementor-col-50 elementor-inner-column elementor-element elementor-element-77ed353\" data-id=\"77ed353\" data-element_type=\"column\" data-e-type=\"column\">\n\t\t\t<div class=\"elementor-widget-wrap elementor-element-populated\">\n\t\t\t\t\t\t<div class=\"elementor-element elementor-element-b37b9b2 elementor-widget elementor-widget-image\" data-id=\"b37b9b2\" data-element_type=\"widget\" data-e-type=\"widget\" data-widget_type=\"image.default\">\n\t\t\t\t<div class=\"elementor-widget-container\">\n\t\t\t\t\t\t\t\t\t\t\t\t\t\t\t<img fetchpriority=\"high\" decoding=\"async\" width=\"550\" height=\"331\" src=\"https:\/\/thiriez-literie.com\/wp-content\/uploads\/2021\/12\/Fichier-6-100.jpg\" class=\"attachment-large size-large wp-image-5349\" alt=\"Datei 6 100\" \/>\t\t\t\t\t\t\t\t\t\t\t\t\t\t\t<\/div>\n\t\t\t\t<\/div>\n\t\t\t\t\t<\/div>\n\t\t<\/div>\n\t\t\t\t\t<\/div>\n\t\t<\/section>\n\t\t\t\t<section class=\"elementor-section elementor-inner-section elementor-element elementor-element-8abc512 elementor-section-content-middle elementor-section-boxed elementor-section-height-default elementor-section-height-default\" data-id=\"8abc512\" data-element_type=\"section\" data-e-type=\"section\">\n\t\t\t\t\t\t<div class=\"elementor-container elementor-column-gap-default\">\n\t\t\t\t\t<div class=\"elementor-column elementor-col-50 elementor-inner-column elementor-element elementor-element-6bbaa75\" data-id=\"6bbaa75\" data-element_type=\"column\" data-e-type=\"column\">\n\t\t\t<div class=\"elementor-widget-wrap elementor-element-populated\">\n\t\t\t\t\t\t<div class=\"elementor-element elementor-element-526ae79 elementor-widget elementor-widget-image\" data-id=\"526ae79\" data-element_type=\"widget\" data-e-type=\"widget\" data-widget_type=\"image.default\">\n\t\t\t\t<div class=\"elementor-widget-container\">\n\t\t\t\t\t\t\t\t\t\t\t\t\t\t\t<img decoding=\"async\" width=\"419\" height=\"280\" src=\"https:\/\/thiriez-literie.com\/wp-content\/uploads\/2021\/12\/07102015-mayeux-1715thi-134-Modifier-419x280-1.jpg\" class=\"attachment-large size-large wp-image-5468\" alt=\"07102015 mayeux 1715thi 134 modifier 419x280\" \/>\t\t\t\t\t\t\t\t\t\t\t\t\t\t\t<\/div>\n\t\t\t\t<\/div>\n\t\t\t\t\t<\/div>\n\t\t<\/div>\n\t\t\t\t<div data-dce-background-color=\"#FFFFFF\" class=\"elementor-column elementor-col-50 elementor-inner-column elementor-element elementor-element-88ba5d5\" data-id=\"88ba5d5\" data-element_type=\"column\" data-e-type=\"column\" data-settings=\"{&quot;background_background&quot;:&quot;classic&quot;}\">\n\t\t\t<div class=\"elementor-widget-wrap elementor-element-populated\">\n\t\t\t\t\t\t<div class=\"elementor-element elementor-element-e7f849c elementor-widget elementor-widget-heading\" data-id=\"e7f849c\" data-element_type=\"widget\" data-e-type=\"widget\" data-widget_type=\"heading.default\">\n\t\t\t\t<div class=\"elementor-widget-container\">\n\t\t\t\t\t<h2 class=\"elementor-heading-title elementor-size-default\">Franz\u00f6sische Wertarbeit\n<\/h2>\t\t\t\t<\/div>\n\t\t\t\t<\/div>\n\t\t\t\t<div class=\"elementor-element elementor-element-342d4ab elementor-widget-divider--view-line elementor-widget elementor-widget-divider\" data-id=\"342d4ab\" data-element_type=\"widget\" data-e-type=\"widget\" data-widget_type=\"divider.default\">\n\t\t\t\t<div class=\"elementor-widget-container\">\n\t\t\t\t\t\t\t<div class=\"elementor-divider\">\n\t\t\t<span class=\"elementor-divider-separator\">\n\t\t\t\t\t\t<\/span>\n\t\t<\/div>\n\t\t\t\t\t\t<\/div>\n\t\t\t\t<\/div>\n\t\t\t\t<div class=\"elementor-element elementor-element-f219c84 elementor-widget elementor-widget-text-editor\" data-id=\"f219c84\" data-element_type=\"widget\" data-e-type=\"widget\" data-widget_type=\"text-editor.default\">\n\t\t\t\t<div class=\"elementor-widget-container\">\n\t\t\t\t\t\t\t\t\t<div class=\"col-lg-6 col-md-6 col-sm-12 col-xs-12\"><div class=\"tz-introduce-content\"><p>Das Unternehmen Thiriez mit Sitz in Nordfrankreich ist seit 30 Jahren auf Bettwaren spezialisiert. Das Unternehmen erf\u00fcllt strenge Standards, was die Qualit\u00e4t und Produktspezifikationen betrifft, um Branchen wie das Hotelgewerbe, das Gesundheitswesen und den Einzelhandel zu beliefern.<\/p><\/div><\/div>\t\t\t\t\t\t\t\t<\/div>\n\t\t\t\t<\/div>\n\t\t\t\t\t<\/div>\n\t\t<\/div>\n\t\t\t\t\t<\/div>\n\t\t<\/section>\n\t\t\t\t<section class=\"elementor-section elementor-inner-section elementor-element elementor-element-604c172 elementor-section-content-middle elementor-reverse-mobile elementor-section-boxed elementor-section-height-default elementor-section-height-default\" data-id=\"604c172\" data-element_type=\"section\" data-e-type=\"section\">\n\t\t\t\t\t\t<div class=\"elementor-container elementor-column-gap-default\">\n\t\t\t\t\t<div data-dce-background-color=\"#FFFFFF\" class=\"elementor-column elementor-col-50 elementor-inner-column elementor-element elementor-element-f7fa7fb\" data-id=\"f7fa7fb\" data-element_type=\"column\" data-e-type=\"column\" data-settings=\"{&quot;background_background&quot;:&quot;classic&quot;}\">\n\t\t\t<div class=\"elementor-widget-wrap elementor-element-populated\">\n\t\t\t\t\t\t<div class=\"elementor-element elementor-element-fcfd956 elementor-widget elementor-widget-heading\" data-id=\"fcfd956\" data-element_type=\"widget\" data-e-type=\"widget\" data-widget_type=\"heading.default\">\n\t\t\t\t<div class=\"elementor-widget-container\">\n\t\t\t\t\t<h2 class=\"elementor-heading-title elementor-size-default\">Garantierte Qualit\u00e4t\n<\/h2>\t\t\t\t<\/div>\n\t\t\t\t<\/div>\n\t\t\t\t<div class=\"elementor-element elementor-element-a81c274 elementor-widget-divider--view-line elementor-widget elementor-widget-divider\" data-id=\"a81c274\" data-element_type=\"widget\" data-e-type=\"widget\" data-widget_type=\"divider.default\">\n\t\t\t\t<div class=\"elementor-widget-container\">\n\t\t\t\t\t\t\t<div class=\"elementor-divider\">\n\t\t\t<span class=\"elementor-divider-separator\">\n\t\t\t\t\t\t<\/span>\n\t\t<\/div>\n\t\t\t\t\t\t<\/div>\n\t\t\t\t<\/div>\n\t\t\t\t<div class=\"elementor-element elementor-element-94f6c78 elementor-widget elementor-widget-text-editor\" data-id=\"94f6c78\" data-element_type=\"widget\" data-e-type=\"widget\" data-widget_type=\"text-editor.default\">\n\t\t\t\t<div class=\"elementor-widget-container\">\n\t\t\t\t\t\t\t\t\t<div class=\"col-lg-6 col-md-6 col-sm-12 col-xs-12\"><div class=\"tz-introduce-content\"><p>Wir stellen alle unsere Produkte einzeln und von Hand her und gew\u00e4hrleisten ihre Qualit\u00e4t.  Wir bieten auf unsere Bettwaren 5 Jahre Garantie und sogar 7 Jahre, wenn die Matratze mit einem von uns empfohlenen Bettrahmen gekauft wird. Jede Matratze wird mit dem dazugeh\u00f6rigen Garantieschein und unserer Gebrauchsanweisung geliefert. Unser Unternehmen ist heute ein anerkannter Anbieter, der aus der Bettwarenbranche nicht mehr wegzudenken ist.<\/p><\/div><\/div>\t\t\t\t\t\t\t\t<\/div>\n\t\t\t\t<\/div>\n\t\t\t\t\t<\/div>\n\t\t<\/div>\n\t\t\t\t<div class=\"elementor-column elementor-col-50 elementor-inner-column elementor-element elementor-element-9230c54\" data-id=\"9230c54\" data-element_type=\"column\" data-e-type=\"column\">\n\t\t\t<div class=\"elementor-widget-wrap elementor-element-populated\">\n\t\t\t\t\t\t<div class=\"elementor-element elementor-element-b9e9409 elementor-widget elementor-widget-image\" data-id=\"b9e9409\" data-element_type=\"widget\" data-e-type=\"widget\" data-widget_type=\"image.default\">\n\t\t\t\t<div class=\"elementor-widget-container\">\n\t\t\t\t\t\t\t\t\t\t\t\t\t\t\t<img decoding=\"async\" width=\"419\" height=\"280\" src=\"https:\/\/thiriez-literie.com\/wp-content\/uploads\/2021\/12\/07102015-mayeux-1715thi-064-Modifier-419x280-1.jpg\" class=\"attachment-large size-large wp-image-5469\" alt=\"07102015 mayeux 1715thi 064 modifier 419x280\" \/>\t\t\t\t\t\t\t\t\t\t\t\t\t\t\t<\/div>\n\t\t\t\t<\/div>\n\t\t\t\t\t<\/div>\n\t\t<\/div>\n\t\t\t\t\t<\/div>\n\t\t<\/section>\n\t\t\t\t\t<\/div>\n\t\t<\/div>\n\t\t\t\t\t<\/div>\n\t\t<\/section>\n\t\t\t\t<\/div>\n\t\t","protected":false},"excerpt":{"rendered":"<p>Unser Know-how Franz\u00f6sisches Know-how Unsere Bettwaren sind aus franz\u00f6sischer Produktion, denn unsere Fertigung findet zu 100 % in Wattrelos in Nordfrankreich statt. Wir stellen jede unserer Matratzen einzeln und von Hand er, um ihre Qualit\u00e4t zu gew\u00e4hrleisten. Dar\u00fcber hinaus stammen die Materialien f\u00fcr die Herstellung unserer Matratzen zu 80 % aus regionalen Quellen. Franz\u00f6sische Wertarbeit [&hellip;]<\/p>\n","protected":false},"author":1,"featured_media":0,"parent":0,"menu_order":0,"comment_status":"closed","ping_status":"closed","template":"","meta":{"_acf_changed":false,"_seopress_robots_primary_cat":"","_seopress_titles_title":"","_seopress_titles_desc":"","_seopress_robots_index":"","footnotes":""},"class_list":["post-5757","page","type-page","status-publish","hentry"],"acf":[],"_links":{"self":[{"href":"https:\/\/thiriez-literie.com\/de\/wp-json\/wp\/v2\/pages\/5757","targetHints":{"allow":["GET"]}}],"collection":[{"href":"https:\/\/thiriez-literie.com\/de\/wp-json\/wp\/v2\/pages"}],"about":[{"href":"https:\/\/thiriez-literie.com\/de\/wp-json\/wp\/v2\/types\/page"}],"author":[{"embeddable":true,"href":"https:\/\/thiriez-literie.com\/de\/wp-json\/wp\/v2\/users\/1"}],"replies":[{"embeddable":true,"href":"https:\/\/thiriez-literie.com\/de\/wp-json\/wp\/v2\/comments?post=5757"}],"version-history":[{"count":4,"href":"https:\/\/thiriez-literie.com\/de\/wp-json\/wp\/v2\/pages\/5757\/revisions"}],"predecessor-version":[{"id":10224,"href":"https:\/\/thiriez-literie.com\/de\/wp-json\/wp\/v2\/pages\/5757\/revisions\/10224"}],"wp:attachment":[{"href":"https:\/\/thiriez-literie.com\/de\/wp-json\/wp\/v2\/media?parent=5757"}],"curies":[{"name":"wp","href":"https:\/\/api.w.org\/{rel}","templated":true}]}}