{"id":5731,"date":"2022-10-14T11:33:53","date_gmt":"2022-10-14T09:33:53","guid":{"rendered":"https:\/\/thiriez-literie.com\/agb"},"modified":"2022-10-14T11:33:59","modified_gmt":"2022-10-14T09:33:59","slug":"agb","status":"publish","type":"page","link":"https:\/\/thiriez-literie.com\/de\/agb","title":{"rendered":"AGB"},"content":{"rendered":"\t\t<div data-elementor-type=\"wp-page\" data-elementor-id=\"5731\" class=\"elementor elementor-5731 elementor-806\" data-elementor-post-type=\"page\">\n\t\t\t\t\t\t<section data-dce-background-image-url=\"https:\/\/thiriez-literie.com\/wp-content\/uploads\/2021\/10\/shutterstock_103757387.jpg\" class=\"elementor-section elementor-top-section elementor-element elementor-element-95a5cae elementor-section-height-min-height elementor-section-boxed elementor-section-height-default elementor-section-items-middle\" data-id=\"95a5cae\" data-element_type=\"section\" data-e-type=\"section\" data-settings=\"{&quot;background_background&quot;:&quot;classic&quot;}\">\n\t\t\t\t\t\t<div class=\"elementor-container elementor-column-gap-default\">\n\t\t\t\t\t<div class=\"elementor-column elementor-col-100 elementor-top-column elementor-element elementor-element-1393392\" data-id=\"1393392\" data-element_type=\"column\" data-e-type=\"column\">\n\t\t\t<div class=\"elementor-widget-wrap elementor-element-populated\">\n\t\t\t\t\t\t<div class=\"elementor-element elementor-element-68fbddd elementor-widget elementor-widget-heading\" data-id=\"68fbddd\" data-element_type=\"widget\" data-e-type=\"widget\" data-widget_type=\"heading.default\">\n\t\t\t\t<div class=\"elementor-widget-container\">\n\t\t\t\t\t<h1 class=\"elementor-heading-title elementor-size-default\">Allgemeine Gesch\u00e4ftsbedingungen<\/h1>\t\t\t\t<\/div>\n\t\t\t\t<\/div>\n\t\t\t\t<div class=\"elementor-element elementor-element-2aac98a elementor-widget-divider--view-line elementor-widget elementor-widget-divider\" data-id=\"2aac98a\" data-element_type=\"widget\" data-e-type=\"widget\" data-widget_type=\"divider.default\">\n\t\t\t\t<div class=\"elementor-widget-container\">\n\t\t\t\t\t\t\t<div class=\"elementor-divider\">\n\t\t\t<span class=\"elementor-divider-separator\">\n\t\t\t\t\t\t<\/span>\n\t\t<\/div>\n\t\t\t\t\t\t<\/div>\n\t\t\t\t<\/div>\n\t\t\t\t\t<\/div>\n\t\t<\/div>\n\t\t\t\t\t<\/div>\n\t\t<\/section>\n\t\t\t\t<section class=\"elementor-section elementor-top-section elementor-element elementor-element-b56467a elementor-section-boxed elementor-section-height-default elementor-section-height-default\" data-id=\"b56467a\" data-element_type=\"section\" data-e-type=\"section\">\n\t\t\t\t\t\t<div class=\"elementor-container elementor-column-gap-default\">\n\t\t\t\t\t<div class=\"elementor-column elementor-col-100 elementor-top-column elementor-element elementor-element-34b96e0\" data-id=\"34b96e0\" data-element_type=\"column\" data-e-type=\"column\">\n\t\t\t<div class=\"elementor-widget-wrap elementor-element-populated\">\n\t\t\t\t\t\t<div data-dce-text-color=\"#002043\" class=\"elementor-element elementor-element-2d3c613 elementor-widget elementor-widget-text-editor\" data-id=\"2d3c613\" data-element_type=\"widget\" data-e-type=\"widget\" data-widget_type=\"text-editor.default\">\n\t\t\t\t<div class=\"elementor-widget-container\">\n\t\t\t\t\t\t\t\t\t<h2>Artikel 1 \u2013 Zweck<\/h2><p>In diesen allgemeinen Gesch\u00e4ftsbedingungen sind die Bedingungen festgelegt, unter denen THIRIEZ seinen Vertriebskunden (nachfolgend \u201eK\u00e4ufer\u201d genannt) seine Produkte f\u00fcr den Weiterverkauf im Einzelhandel an Endverbraucher anbietet und verkauft.<\/p><h2>Artikel 2 \u2013 Geltungsbereich<\/h2><p>Jede Bestellung und jeder Verkauf unterliegt diesen allgemeinen Gesch\u00e4ftsbedingungen, die der K\u00e4ufer vorbehaltlos akzeptiert. Diese allgemeinen Gesch\u00e4ftsbedingungen haben Vorrang vor Dokumenten, die der K\u00e4ufer m\u00f6glicherweise \u00fcbermittelt hat, und haben insbesondere Vorrang vor den allgemeinen Gesch\u00e4ftsbedingungen des K\u00e4ufers. Jede Abweichung oder gegenteilig lautende Klausel in den genannten Unterlagen des K\u00e4ufers gilt nur mit ausdr\u00fccklicher schriftlicher Zustimmung unseres Unternehmens.<\/p><h2>Artikel 3 \u2013 Bestellung<\/h2><p>Artikel 3.1 \u2013 G\u00fcltigkeit von Angeboten<\/p><p>Mit Ausnahme von besonderen Bedingungen, die im Angebot genannt werden, gelten die Preisnachl\u00e4sse des Unternehmens THIRIEZ f\u00fcr sechs Monate ab dem Datum des Angebots.<\/p><p>Artikel 3.2 \u2013 Best\u00e4tigung<\/p><p>Bestellungen, die der K\u00e4ufer direkt oder \u00fcber einen unserer Vertriebsmitarbeiter t\u00e4tigt, sind f\u00fcr THIRIEZ nur dann verbindlich, wenn THIRIEZ sie durch den Versand einer Empfangsbest\u00e4tigung zusammen mit den AGB per E-Mail (Empfangsbest\u00e4tigung der Bestellung) akzeptiert. THIRIEZ kann die Annahme einer Bestellung (Bestellbest\u00e4tigung) von den Informationen, die es \u00fcber die Finanzlage des K\u00e4ufers besitzt, abh\u00e4ngig machen \u2013 und davon, ob der K\u00e4ufer eine Kreditversicherung hat. Damit ein Kundenkonto erstellt werden kann, m\u00fcssen der ersten Bestellung eines neuen K\u00e4ufers das von THIRIEZ zur Verf\u00fcgung gestellte und ordnungsgem\u00e4\u00df ausgef\u00fcllte Kontoer\u00f6ffnungsformular sowie eine Bankverbindung beigef\u00fcgt werden. Anderenfalls braucht THIRIEZ die Bestellung nicht zu ber\u00fccksichtigen.<\/p><p>Artikel 3.3 \u2013 \u00c4nderung, Stornierung<\/p><p>F\u00fcr jede \u00c4nderung einer Bestellung wird die Zustimmung von THIRIEZ ben\u00f6tigt. THIRIEZ unterbreitet dem K\u00e4ufer dann ein erg\u00e4nzendes oder ge\u00e4ndertes Angebot mit den neuen oder ge\u00e4nderten Anforderungen und dem Preis f\u00fcr diese \u00c4nderungen. Stornierungen von Bestellungen werden erst vorgenommen, nachdem THIRIEZ seine schriftliche Zustimmung gegeben hat. Nachdem eine Stornierung akzeptiert wurde, wird eine Rechnung \u00fcber eine Entsch\u00e4digung in H\u00f6he von 10 % des Gesamtbetrags (inkl. MwSt.) der Bestellung ausgestellt.<\/p><p>Artikel 3.4 \u2013 Preise<\/p><p>Alle Preise sind ohne Umweltabgabe, ohne Mehrwertsteuer, ohne Skonto, ab Werk und zuz\u00fcglich Transportkosten angegeben. Abgaben, Steuern, Zoll- und sonstige Geb\u00fchren, die eingef\u00fchrt oder ge\u00e4ndert werden, werden von Rechts wegen an den K\u00e4ufer weitergegeben. Die angegebenen Preise beruhen auf den wirtschaftlichen Bedingungen am Tag der Angebotserstellung. Sie k\u00f6nnen ge\u00e4ndert werden, falls die Selbstkostenpreise zwischen der Bestellung und der Lieferung um mehr als 5 % steigen. Es wird der zum Zeitpunkt der Lieferung g\u00fcltige Preis in Rechnung gestellt. THIRIEZ kann dem K\u00e4ufer Rabatte\/Preisnachl\u00e4sse anhand von quantitativen oder qualitativen Kriterien gew\u00e4hren.<\/p><h2>Artikel 4 \u2013 Lieferung<\/h2><p>Artikel 4.1 \u2013 Lieferzeit<\/p><p>Die auf dem Bestellschein genannten Lieferzeiten dienen nur zur Information und haben keinen vertraglichen Wert, das hei\u00dft, ein Lieferverzug f\u00fchrt nicht zur Stornierung der Bestellung. THIRIEZ haftet nicht f\u00fcr Sch\u00e4den, die aufgrund dieses Verzugs entstehen. \u00c4ndert der K\u00e4ufer das Lieferdatum einer Bestellung innerhalb von 8 Tagen vor dem urspr\u00fcnglich geplanten Lieferdatum, so werden Lagerkosten in H\u00f6he von 10 \u20ac pro Kubikmeter und pro unteilbarem Monat f\u00e4llig.<\/p><p>Artikel 4.2 \u2013 F\u00e4lle von h\u00f6herer Gewalt<\/p><p>H\u00f6here Gewalt und unvorhersehbare Ereignisse \u2013 zum Beispiel Streik, Ausfall von Maschinen, Versorgungsschwierigkeiten, Brand usw. \u2013 sowie andere au\u00dferhalb der Kontrolle von THIRIEZ liegende Ereignisse, die entweder die Produktion oder die Lieferung oder den Transport der in der Bestellung genannten Waren verhindern, werden als Gr\u00fcnde f\u00fcr die Nichtausf\u00fchrbarkeit der Bestellung betrachtet. THIRIEZ informiert den K\u00e4ufer zu gegebener Zeit \u00fcber die oben genannten Ereignisse: Der K\u00e4ufer muss die Mengen, die zum Zeitpunkt des Ereignisses lieferbereit sind, annehmen.<br>Bei h\u00f6herer Gewalt oder staatlichem Eingreifen hat unser Unternehmen das Recht, jede Bestellung vollst\u00e4ndig oder teilweise aufzul\u00f6sen oder ihre Ausf\u00fchrung ohne Vorank\u00fcndigung oder Entsch\u00e4digung auszusetzen.<\/p><p>Artikel 4.3 \u2013 Versand<br>Der K\u00e4ufer kann w\u00e4hlen, wie die Lieferung erfolgen soll: entweder durch Versand der Ware an den vereinbarten Lieferort oder durch Bereitstellung im THIRIEZ-Werk. M\u00f6chte der K\u00e4ufer, dass THIRIEZ die Waren an seinen Endkunden liefert, so muss der K\u00e4ufer THIRIEZ alle Informationen \u00fcbermitteln, die diese Lieferung m\u00f6glich machen (insbesondere den Namen und die Lieferadresse des Endkunden).<br>Der Empf\u00e4nger tr\u00e4gt das Risiko f\u00fcr den Versand aller Waren, auch wenn diese ohne Versandkosten verkauft werden. Im Falle von Sch\u00e4den oder Fehlmengen muss der Empf\u00e4nger auf dem Lieferschein des Transportunternehmens genaue Vorbehalte formulieren und anschlie\u00dfend die festgestellten M\u00e4ngel binnen 3 Tagen per Einschreiben mit R\u00fcckschein an dasselbe Transportunternehmen melden (mit einer Kopie f\u00fcr THIRIEZ). Der K\u00e4ufer muss seine Endkunden in dem mit ihnen geschlossenen Vertrag \u00fcber diese Verpflichtung informieren. Wenn THIRIEZ den Transport der Waren nicht \u00fcbernimmt, haftet THIRIEZ nicht f\u00fcr die Ersatzkosten aufgrund eines Schadens oder Diebstahls w\u00e4hrend des Transports.<br>Der K\u00e4ufer muss sich vergewissern, dass der Lieferort am geplanten Liefertag f\u00fcr gro\u00dfe Transportfahrzeuge (Sattelschlepper oder Lkw mit Anh\u00e4nger) zug\u00e4nglich ist. Vers\u00e4umt er dies, haftet das Unternehmen THIRIEZ nicht f\u00fcr die dadurch entstehenden zus\u00e4tzlichen Transportkosten (erneute Lieferungen); diese werden dem K\u00e4ufer in Rechnung gestellt.<\/p><h2>Artikel 5 \u2013 Garantie<\/h2><p>Das Unternehmen THIRIEZ LITERIE ist w\u00e4hrend der gesamten Dauer der Garantie verpflichtet, ein Produkt, das wegen eines Herstellungs- oder Materialfehlers als mangelhaft anerkannt wird, zu reparieren oder durch ein identisches beziehungsweise gleichwertiges Produkt (der Weiterentwicklung seines Angebots entsprechend) zu ersetzen. Dies gilt vorbehaltlich der im n\u00e4chsten Punkt genannten Ausschl\u00fcsse. Diese Reparatur oder der Ersatz f\u00fchrt nicht zu einer Verl\u00e4ngerung der urspr\u00fcnglichen Garantie.<\/p><p>Artikel 5.1 \u2013 Garantiebedingungen<\/p><p>THIRIEZ bietet f\u00fcr manche dieser Produkte zus\u00e4tzlich zur gesetzlichen Gew\u00e4hrleistung eine vertragliche Garantie:<\/p><p>\u2013 F\u00fcr Matratzen (Ausnahme: Gemeinschaftswohneinrichtungen) betr\u00e4gt die Garantie 5 Jahre. Eine Verl\u00e4ngerung auf 7 Jahre ist bei bestimmten Artikeln m\u00f6glich, wenn die Matratze zusammen mit einem der in der technischen Beschreibung empfohlenen THIRIEZ-Bettrahmen gekauft wird.<\/p><p>&#8211; Feste Bettrahmen und solche mit biegsamen\/starren Latten, Bettrahmen mit Federn oder elektrische TPR-Bettrahmen haben 5 Jahre Garantie, wenn die empfohlene Zahl der F\u00fc\u00dfe und die empfohlene H\u00f6he eingehalten werden. &#8211; Elektrische Bauteile (Motoren, Fernbedienungen usw.) haben 3 Jahre Garantie. Bei Matratzen ist eine Voraussetzung f\u00fcr diese Garantie, dass die Matratze auf einem in gutem Zustand befindlichen Bettrahmen oder Boxspringbett verwendet wird, der\/das nicht \u00e4lter als zwei Jahre ist (ab dem auf der Rechnung f\u00fcr den Bettrahmen\/das Boxspringbett genannten Kaufdatum gerechnet). Von der Garantie sind in keinem Fall Sch\u00e4den abgedeckt, die durch eine nicht zweckgebundene Nutzung (z. B. Falten der Matratzen; Matratzen liegen auf dem Boden; Matratzen sind in Verbindung mit einem TPR-Bettrahmen nicht zum Entspannen geeignet usw.), durch einen Unfall, durch h\u00f6here Gewalt, durch Nachbesserungen oder Ver\u00e4nderungen an den Produkten oder durch die normale Abnutzung der Produkte entstehen. Von der Garantie ausgeschlossen sind auch Produkte, die mangelhaft gepflegt wurden, verschmutzt sind, Flecken oder Verunreinigungen aufweisen und\/oder hoher Luftfeuchtigkeit ausgesetzt waren. Matratzen d\u00fcrfen nicht l\u00e4nger als 3 Monate in komprimierter und gerollter Form gelagert werden. Nach diesem Zeitraum haftet THIRIEZ nicht f\u00fcr Probleme, die die Ma\u00dfe oder das Absinken des Schaumstoffs usw. betreffen. Der Matratzenkern hat eine Garantie gegen vorzeitiges Absinken. Die Garantie gilt nicht f\u00fcr den Bezugsstoff, die Griffe und alle Teile, deren einwandfreies Funktionieren von den Nutzungsbedingungen abh\u00e4ngt. F\u00fcr die N\u00e4hte und Rei\u00dfverschl\u00fcsse gilt eine 6-monatige Garantie.<\/p><p>Artikel 5.2 \u2013 Toleranz<\/p><p>Die Norm NF EN 1334 gestattet gegen\u00fcber den Nennma\u00dfen Ihrer Matratze oder Ihres Bettrahmens eine Toleranz von 2 cm in der L\u00e4nge und Breite sowie 1 cm bei der St\u00e4rke (Beispiel: eine Matratze mit den Ma\u00dfen 140 \u00d7 190 \u00d7 24 cm darf in Wirklichkeit die Ma\u00dfe 138 \u00d7 188 \u00d7 23 cm haben). Das Raumgewicht von Matratzen aus Polyurethan-Schaumstoff wird mit dem Wert der Rohdichte angegeben: Netto ist dieses Raumgewicht geringer als 2 kg und entspricht der Norm NF EN ISO 845.<br>Die H\u00e4rteskala in unseren technischen Beschreibungen dient nur zur Information. Der H\u00e4rtegrad unserer Schaumstoffmatratzen (kpa) erlaubt gem\u00e4\u00df der Norm NF EN ISO 3386-1 eine Toleranz von +\/- 15 %. Es ist in den ersten Monaten der Benutzung einer Matratze normal, dass sich die Polstermaterialien etwas senken. Dies hat aber keinen Einfluss auf den Komfort oder die Lebensdauer. Dieser Effekt l\u00e4sst sich begrenzen, indem man die Gebrauchshinweise befolgt. Die Garantie f\u00fcr die Matratze gilt ab einem nominalen H\u00f6henverlust von 12 Prozent (mit einem Lineal am h\u00f6chsten Punkt einer gesteppten Fl\u00e4che gemessen). Alle unsere Bettrahmen bestehen aus Fichte, einer Holzart, die h\u00f6chstens alle 300 mm \u00c4ste von maximal 40 mm Durchmesser besitzt.<\/p><p>Artikel 5.3 \u2013 Reklamation<\/p><p>Der K\u00e4ufer ist verpflichtet, m\u00f6gliche Reklamationen der Endkunden, denen er die Produkte geliefert hat, entgegenzunehmen und zu bearbeiten. Die Reklamation von Fehlmengen bei der Lieferung von THIRIEZ-Produkten (Matratzen, Bettrahmen, F\u00fc\u00dfe usw.) an den Empf\u00e4nger (Endkunde oder K\u00e4ufer) muss gem\u00e4\u00df den in Artikel 4-3 genannten Modalit\u00e4ten binnen 3 Tagen nach der Lieferung erfolgen. Nach Ablauf dieser Frist werden die nachgelieferten Produkte in Rechnung gestellt. Reklamiert ein Endkunde ein THIRIEZ-Produkt, f\u00fchrt der K\u00e4ufer eine erste Pr\u00fcfung durch, damit gew\u00e4hrleistet ist, dass f\u00fcr die Reklamation tats\u00e4chlich die gesetzliche Gew\u00e4hrleistung oder die vertragliche Garantie von THIRIEZ gilt. Ist dies der Fall, sendet der K\u00e4ufer schnellstm\u00f6glich per E-Mail oder auf anderem Wege das von THIRIEZ bereitgestellte und korrekt ausgef\u00fcllte Formular f\u00fcr Kundenservice-Anfragen. Auf dem Formular muss das Kaufdatum angegeben sein. Beizuf\u00fcgen sind au\u00dferdem die Originalrechnung bzw. die Originalrechnungen sowie Fotos von dem mangelhaften Produkt, die den festgestellten Mangel belegen. Nach Erhalt und Pr\u00fcfung dieser Unterlagen teilt THIRIEZ den K\u00e4ufer per E-Mail mit, ob die Kundenservice-Anfrage akzeptiert oder abgelehnt wird. F\u00fcr Garantieanspr\u00fcche kann die Vorlage weiterer Unterlagen verlangt werden, die den vertragswidrigen Mangel belegen (weitere Fotos, Ma\u00dfe, Rechnung f\u00fcr den Bettrahmen usw.).<\/p><p>Artikel 5.4 \u2013 Bearbeitung<\/p><p>Bei einer als berechtigt erkannten Reklamation organisiert THIRIEZ mit dem K\u00e4ufer die R\u00fccknahme der Ware. Die Garantie von THIRIEZ ist auf den Ersatz oder die Reparatur der Ware beschr\u00e4nkt. Jegliche anderen Leistungen oder Entsch\u00e4digungen (z. B. Schadenersatz) sind ausgeschlossen. Die mangelhaften Produkte m\u00fcssen in einer geeigneten Verpackung und in sauberem, unverschmutztem Zustand zur\u00fcckgeschickt werden. Ist THIRIEZ nach der Pr\u00fcfung des reklamierten Produkts der Ansicht, dass die Garantie nicht gilt, stellt THIRIEZ dem K\u00e4ufer den Preis f\u00fcr das Ersatzprodukt in Rechnung. Wird dem Garantieanspruch stattgegeben, liefert THIRIEZ dem K\u00e4ufer ein Ersatzprodukt, das der K\u00e4ufer gegebenenfalls an seinen Endkunden liefert. Am Ende stellt THIRIEZ das gelieferte Ersatzprodukt in Rechnung, falls der K\u00e4ufer das reklamierte mangelhaft Produkt nicht zur Pr\u00fcfung an THIRIEZ zur\u00fcckgeschickt hat.<\/p><h2>Artikel 6 \u2013 Rechnungsstellung<\/h2><p>Artikel 6.1 \u2013 Eigentumsvorbehaltsklausel<\/p><p>Zwischen den Parteien wird vereinbart, dass die gelieferten Waren dem Eigentumsvorbehalt unterliegen: Bis zur vollst\u00e4ndigen Zahlung (Gesetz Nr. 80.335 vom 12. Mai 1980) bleiben die Waren unser alleiniges Eigentum. Der Gefahr\u00fcbergang erfolgt jedoch bei der Lieferung. Die \u00dcbergabe von Wechseln oder sonstigen Wertpapieren, durch die eine Zahlungsverpflichtung entsteht, gilt nicht als Zahlung im Sinne dieser Klausel. Der K\u00e4ufer hat das Recht, im Rahmen des normalen Betriebs seines Unternehmens und unter den in Artikel 1 genannten Bedingungen die gelieferten Waren weiterzuverkaufen. Er darf sie jedoch weder als Pfand \u00fcberlassen noch das Eigentum an den Waren als Sicherheit \u00fcbertragen. Au\u00dferdem sind die Waren unpf\u00e4ndbar. Bei einem Weiterverkauf ist der Verk\u00e4ufer verpflichtet, uns entweder unverz\u00fcglich den verbleibenden f\u00e4lligen Teil des Preises zu zahlen oder uns sofort zu informieren, damit wir gegebenenfalls unser Recht auf die Forderung des Preises gegen\u00fcber dem Drittk\u00e4ufer geltend machen k\u00f6nnen. Die Erlaubnis zum Weiterverkauf wird unverz\u00fcglich und automatisch widerrufen, wenn falls der K\u00e4ufer seine Zahlungen einstellt oder in Zahlungsverzug kommt.<\/p><p>Artikel 6.2 \u2013 Zahlung<\/p><p>Sofern die Parteien nicht schriftlich besondere Bedingungen vereinbart haben, erfolgt die Bezahlung der Waren bar bei Erhalt der Rechnung. Bei der Barzahlung f\u00fcr eine Rechnung ist kein Skonto f\u00fcr vorzeitige Zahlung zul\u00e4ssig. Es wird ausdr\u00fccklich vereinbart, dass die Nichtbezahlung unserer Rechnungen (es sei denn, es wurde rechtzeitig ein Aufschub beantragt und von uns gew\u00e4hrt) zum F\u00e4lligkeitstag zu Folgendem f\u00fchrt:<\/p><p>1. Es werden Vertragszinsen in 3-facher H\u00f6he des gesetzlichen Zinssatzes f\u00e4llig. Bei einem Zahlungsverzug muss der K\u00e4ufer Verzugszinsen zahlen, die vom Tag der F\u00e4lligkeit der Rechnung bis zum Tag der tats\u00e4chlichen Zahlung berechnet werden. Dar\u00fcber hinaus wird ihm eine pauschale Inkassogeb\u00fchr in H\u00f6he von 40 \u20ac berechnet (Art. L.441-6).<\/p><p>2. Alle offenen Betr\u00e4ge sind unverz\u00fcglich f\u00e4llig, unabh\u00e4ngig von der vereinbarten Zahlungsmethode.<\/p><p>3. Im Falle gerichtlicher Schritte ist als Schadenersatz und als Vertragsstrafe eine Entsch\u00e4digung in H\u00f6he von 15 % der offenen Betr\u00e4ge f\u00e4llig, zuz\u00fcglich der Vertragszinsen und m\u00f6glichen Gerichtskosten.<\/p><p>4. Wir k\u00f6nnen alle laufenden Bestellungen stornieren.<\/p><h2>Artikel 7 \u2013 Bedingungen f\u00fcr den Weiterverkauf im Internet<\/h2><p>Die Produkte, die THIRIEZ verkauft, unterscheiden sich entsprechend dem Vertriebskanal, \u00fcber den der K\u00e4ufer sie weiterverkaufen will.  Deshalb hat THIRIEZ ein Produktsortiment speziell f\u00fcr den Weiterverkauf \u00fcber das Internet entwickelt. Nur die Produkte aus diesem Sortiment d\u00fcrfen \u00fcber das Internet weiterverkauft werden. Somit obliegt es dem K\u00e4ufer, THIRIEZ seinen Vertriebskanal mitzuteilen und bei Bedarf die entsprechenden Produkte aus dem Sortiment zu bestellen.<br>Wenn der K\u00e4ufer die Produkte \u00fcber das Internet weiterverkauft, verpflichtet er sich zur Erf\u00fcllung der Standards gem\u00e4\u00df der Internetrichtlinie von THIRIEZ, welche im Anschluss an diese allgemeinen Gesch\u00e4ftsbedingungen eingesehen werden kann. Bei Nichterf\u00fcllung dieser Standards kann THIRIEZ jede Bestellung des K\u00e4ufers aussetzen.<\/p><h2>Artikel 8 \u2013 Geistiges Eigentum<\/h2><p>Jegliche Darstellung, vollst\u00e4ndige oder teilweise Vervielf\u00e4ltigung einer der Marken von THIRIEZ oder von Dokumenten (vor allem von Fotografien oder Grafiken von THIRIEZ-Produkten) ist ohne schriftliche Genehmigung von THIRIEZ rechtswidrig, ganz gleich, in welcher Form und mit welchem Mittel die Darstellung oder Vervielf\u00e4ltigung erfolgt. Wird die Genehmigung erteilt, darf die Darstellung oder Vervielf\u00e4ltigung nur unter strikter Einhaltung der von THIRIEZ festgelegten Bedingungen erfolgen.<br>Das hei\u00dft, der K\u00e4ufer darf die Marken, Logos und Bezeichnungen der Produkte von THIRIEZ ausschlie\u00dflich zum Zweck der Werbung und f\u00fcr den Verkauf dieser Produkte nutzen. Die Nachbildung dieser Elemente muss in jeder Hinsicht mit den durch THIRIEZ \u00fcbermittelten Elementen \u00fcbereinstimmen. THIRIEZ kann dem K\u00e4ufer au\u00dferdem Fotografien, Beschreibungen und andere Elemente zum Zweck der Werbung und des Verkaufs der Produkte zur Verf\u00fcgung stellen. Diese Elemente darf der K\u00e4ufer nur nutzen, um f\u00fcr die Produkte zu werben und sie zu verkaufen. Dar\u00fcber hinaus ist der K\u00e4ufer verpflichtet, die mit diesen Elementen verbundenen Rechte am geistigen Eigentum zu achten und diese Elemente ausschlie\u00dflich f\u00fcr den Verkauf an die Endkunden zu verwenden.<\/p><h2>Artikel 9 \u2013 K\u00fcndigung<\/h2><p>Im Falle eines Vers\u00e4umnisses des K\u00e4ufers kann das Unternehmen THIRIEZ alle Vereinbarungen und Bestellungen ganz oder teilweise von Rechts wegen k\u00fcndigen, nachdem es den K\u00e4ufer per Einschreiben mit R\u00fcckschein in Verzug gesetzt hat und das Einschreiben einen (1) Monat lang ohne Wirkung geblieben ist. Im Falle eines schweren Fehlers, der die Fortsetzung der Gesch\u00e4ftsbeziehung unm\u00f6glich macht, kann THIRIEZ auch ohne Vorank\u00fcndigung k\u00fcndigen, und zwar unbeschadet vom Schadenersatz, den THIRIEZ fordern kann.<\/p><h2>Artikel 10 \u2013 Gerichtsstand<\/h2><p>Als alleiniger Gerichtsstand f\u00fcr jegliche Streitf\u00e4lle, die zwischen den Parteien im Rahmen ihrer Gesch\u00e4ftsbeziehungen entstehen, wird ausdr\u00fccklich das Handelsgericht LILLE M\u00c9TROPOLE vereinbart. Dies gilt unabh\u00e4ngig vom Lieferort, der akzeptierten Zahlungsmethode und auch im Falle einer Streitverk\u00fcndung oder wenn es mehrere Beklagte gibt.<\/p>\t\t\t\t\t\t\t\t<\/div>\n\t\t\t\t<\/div>\n\t\t\t\t\t<\/div>\n\t\t<\/div>\n\t\t\t\t\t<\/div>\n\t\t<\/section>\n\t\t\t\t<\/div>\n\t\t","protected":false},"excerpt":{"rendered":"<p>Allgemeine Gesch\u00e4ftsbedingungen Artikel 1 \u2013 Zweck In diesen allgemeinen Gesch\u00e4ftsbedingungen sind die Bedingungen festgelegt, unter denen THIRIEZ seinen Vertriebskunden (nachfolgend \u201eK\u00e4ufer\u201d genannt) seine Produkte f\u00fcr den Weiterverkauf im Einzelhandel an Endverbraucher anbietet und verkauft. Artikel 2 \u2013 Geltungsbereich Jede Bestellung und jeder Verkauf unterliegt diesen allgemeinen Gesch\u00e4ftsbedingungen, die der K\u00e4ufer vorbehaltlos akzeptiert. Diese allgemeinen Gesch\u00e4ftsbedingungen [&hellip;]<\/p>\n","protected":false},"author":1,"featured_media":0,"parent":0,"menu_order":0,"comment_status":"closed","ping_status":"closed","template":"","meta":{"_acf_changed":false,"_seopress_robots_primary_cat":"","_seopress_titles_title":"","_seopress_titles_desc":"","_seopress_robots_index":"","footnotes":""},"class_list":["post-5731","page","type-page","status-publish","hentry"],"acf":[],"_links":{"self":[{"href":"https:\/\/thiriez-literie.com\/de\/wp-json\/wp\/v2\/pages\/5731","targetHints":{"allow":["GET"]}}],"collection":[{"href":"https:\/\/thiriez-literie.com\/de\/wp-json\/wp\/v2\/pages"}],"about":[{"href":"https:\/\/thiriez-literie.com\/de\/wp-json\/wp\/v2\/types\/page"}],"author":[{"embeddable":true,"href":"https:\/\/thiriez-literie.com\/de\/wp-json\/wp\/v2\/users\/1"}],"replies":[{"embeddable":true,"href":"https:\/\/thiriez-literie.com\/de\/wp-json\/wp\/v2\/comments?post=5731"}],"version-history":[{"count":1,"href":"https:\/\/thiriez-literie.com\/de\/wp-json\/wp\/v2\/pages\/5731\/revisions"}],"predecessor-version":[{"id":5732,"href":"https:\/\/thiriez-literie.com\/de\/wp-json\/wp\/v2\/pages\/5731\/revisions\/5732"}],"wp:attachment":[{"href":"https:\/\/thiriez-literie.com\/de\/wp-json\/wp\/v2\/media?parent=5731"}],"curies":[{"name":"wp","href":"https:\/\/api.w.org\/{rel}","templated":true}]}}